{"id":34,"date":"2026-04-20T11:42:29","date_gmt":"2026-04-20T11:42:29","guid":{"rendered":"https:\/\/cyprusproboxing.com\/?page_id=34"},"modified":"2026-04-20T12:17:33","modified_gmt":"2026-04-20T12:17:33","slug":"contact","status":"publish","type":"page","link":"https:\/\/cyprusproboxing.com\/?page_id=34","title":{"rendered":"Contact"},"content":{"rendered":"<div class=\"wp-block-image\">\n<figure class=\"aligncenter size-full\"><img loading=\"lazy\" decoding=\"async\" width=\"211\" height=\"173\" src=\"https:\/\/cyprusproboxing.com\/wp-content\/uploads\/2026\/04\/CPBC_Logo_LR.png\" alt=\"\" class=\"wp-image-17\"\/><\/figure>\n<\/div>\n\n\n<p class=\"has-text-align-center has-normal-font-size\"><strong>Cyprus Professional Boxing Commission (CPBC)<\/strong><\/p>\n\n\n\n<p class=\"has-text-align-center has-extra-small-font-size\"><em>Incorporating The Turkish Republic of Northern Cyprus Professional Boxing Commission<\/em><\/p>\n\n\n\n<p><strong>CONTACT:<\/strong><\/p>\n\n\n\n<p class=\"has-normal-font-size\"><strong>Cyprus Professional Boxing Commission (CPBC)<\/strong> \u00a0 \u00a0                                                                                                                                      <\/p>\n\n\n\n<p>Be\u015fparmaklar Caddesi<br>Muzlum Cengiz Plaza<br>No. 35<br>D\u00fck 4<br>\u00c7atalkoy<br>North Cyprus<\/p>\n\n\n\n<p>Tel: +90 54 88 808791<\/p>\n\n\n\n<p>E.Mail: <a href=\"mailto:office@cyprusproboxing.com\">office@cyprusproboxing.com<\/a><\/p>\n\n\n\n<p>Web: <a href=\"https:\/\/cyprusproboxing.com\">https:\/\/cyprusproboxing.com<\/a><\/p>\n","protected":false},"excerpt":{"rendered":"<p>Cyprus Professional Boxing Commission (CPBC) Incorporating The Turkish Republic of Northern Cyprus Professional Boxing Commission CONTACT: Cyprus Professional Boxing Commission<\/p>\n<p><a href=\"https:\/\/cyprusproboxing.com\/?page_id=34\" class=\"more-link\">Continue reading<span class=\"screen-reader-text\">Contact<\/span><\/a><\/p>\n","protected":false},"author":1,"featured_media":0,"parent":0,"menu_order":0,"comment_status":"closed","ping_status":"closed","template":"","meta":{"footnotes":""},"class_list":["post-34","page","type-page","status-publish","hentry"],"_links":{"self":[{"href":"https:\/\/cyprusproboxing.com\/index.php?rest_route=\/wp\/v2\/pages\/34","targetHints":{"allow":["GET"]}}],"collection":[{"href":"https:\/\/cyprusproboxing.com\/index.php?rest_route=\/wp\/v2\/pages"}],"about":[{"href":"https:\/\/cyprusproboxing.com\/index.php?rest_route=\/wp\/v2\/types\/page"}],"author":[{"embeddable":true,"href":"https:\/\/cyprusproboxing.com\/index.php?rest_route=\/wp\/v2\/users\/1"}],"replies":[{"embeddable":true,"href":"https:\/\/cyprusproboxing.com\/index.php?rest_route=%2Fwp%2Fv2%2Fcomments&post=34"}],"version-history":[{"count":10,"href":"https:\/\/cyprusproboxing.com\/index.php?rest_route=\/wp\/v2\/pages\/34\/revisions"}],"predecessor-version":[{"id":45,"href":"https:\/\/cyprusproboxing.com\/index.php?rest_route=\/wp\/v2\/pages\/34\/revisions\/45"}],"wp:attachment":[{"href":"https:\/\/cyprusproboxing.com\/index.php?rest_route=%2Fwp%2Fv2%2Fmedia&parent=34"}],"curies":[{"name":"wp","href":"https:\/\/api.w.org\/{rel}","templated":true}]}}